{"id":103,"date":"2024-02-28T09:10:45","date_gmt":"2024-02-28T09:10:45","guid":{"rendered":"https:\/\/andreasryser.ch\/?page_id=103"},"modified":"2025-02-27T11:44:42","modified_gmt":"2025-02-27T11:44:42","slug":"massagen","status":"publish","type":"page","link":"https:\/\/gesundheitspraxis-kyburz.ch\/index.php\/massagen\/","title":{"rendered":"Massagen"},"content":{"rendered":"<div class=\"\" style=\"\" >\n    \n    <section class=\"u-clearfix u-image u-section-2\" id=\"sec-0c9f\" data-image-width=\"1534\" data-image-height=\"1080\" style=\"background-image: url(&quot;https:\/\/gesundheitspraxis-kyburz.ch\/wp-content\/uploads\/2024\/02\/ffg.jpg&quot;);\">\n      <div class=\"u-clearfix u-sheet u-valign-middle-xs u-sheet-1\">\n        <div class=\"fr-view u-clearfix u-rich-text u-text u-text-1\">\n          <h3 style=\"text-align: center;\">Massagen zum Entspannen und Wohlbefinden<\/h3>\n          <p style=\"text-align: left;\">\n            <br>\n          <\/p>\n          <p id=\"isPasted\" style=\"text-align: center;\">Bei allgemeinen Verspannungen und konkreten Beschwerden des Bewegungsaspparates kann die passende Massage Linderung bringen. Wir bieten Ihnen die folgenden Massagen an, die durch fachlich ausgewiesene Mitarbeitende durchgef\u00fchrt werden.<\/p>\n        <\/div>\n        <img decoding=\"async\" class=\"u-image u-image-contain u-image-default u-image-1\" src=\"https:\/\/gesundheitspraxis-kyburz.ch\/wp-content\/uploads\/2024\/02\/2.png\" alt=\"\" data-image-width=\"879\" data-image-height=\"1032\">\n        <div class=\"u-expanded-width u-tab-links-align-center u-tabs u-tabs-1\">\n          <ul class=\"u-border-2 u-border-palette-1-base u-spacing-10 u-tab-list u-unstyled\" role=\"tablist\"><li class=\"u-tab-item\" role=\"presentation\"><a class=\"active u-active-custom-color-5 u-border-active-grey-50 u-btn-round u-button-style u-grey-5 u-hover-custom-color-9 u-radius u-tab-link u-text-active-palette-1-dark-2 u-text-hover-palette-1-dark-2 u-text-palette-1-dark-2 u-tab-link-1\" id=\"link-tab-0da5\" href=\"#tab-0da5\" role=\"tab\" aria-controls=\"tab-0da5\" aria-selected=\"true\"> Klassische Massage<\/a>\n<\/li><li class=\"u-tab-item\" role=\"presentation\"><a class=\"u-active-custom-color-5 u-border-active-grey-50 u-btn-round u-button-style u-grey-5 u-hover-custom-color-9 u-radius u-tab-link u-text-active-palette-1-dark-2 u-text-hover-palette-1-dark-2 u-text-palette-1-dark-2 u-tab-link-2\" id=\"link-tab-14b7\" href=\"#tab-14b7\" role=\"tab\" aria-controls=\"tab-14b7\" aria-selected=\"false\">Breuss-Massage<\/a>\n<\/li><li class=\"u-tab-item\" role=\"presentation\"><a class=\"u-active-custom-color-5 u-border-active-grey-50 u-btn-round u-button-style u-grey-5 u-hover-custom-color-9 u-radius u-tab-link u-text-active-palette-1-dark-2 u-text-hover-palette-1-dark-2 u-text-palette-1-dark-2 u-tab-link-3\" id=\"link-tab-2917\" href=\"#tab-2917\" role=\"tab\" aria-controls=\"tab-2917\" aria-selected=\"false\"> Schr\u00f6pfkopfmassage<\/a>\n<\/li><li class=\"u-tab-item u-tab-item-4\" role=\"presentation\"><a class=\"u-active-custom-color-5 u-border-active-grey-50 u-btn-round u-button-style u-grey-5 u-hover-custom-color-9 u-radius u-tab-link u-text-active-palette-1-dark-2 u-text-hover-palette-1-dark-2 u-text-palette-1-dark-2 u-tab-link-4\" id=\"tab-93fc\" href=\"#link-tab-93fc\" role=\"tab\" aria-controls=\"link-tab-93fc\" aria-selected=\"false\"> Triggerpunkt-Massage<\/a>\n<\/li><li class=\"u-tab-item\" role=\"presentation\"><a class=\"u-active-custom-color-5 u-border-active-grey-50 u-btn-round u-button-style u-grey-5 u-hover-custom-color-9 u-radius u-tab-link u-text-active-palette-1-dark-2 u-text-hover-palette-1-dark-2 u-text-palette-1-dark-2 u-tab-link-5\" id=\"link-tab-4940\" href=\"#tab-4940\" role=\"tab\" aria-controls=\"tab-4940\" aria-selected=\"false\"> Moxa-Therapie<\/a>\n<\/li><li class=\"u-tab-item\" role=\"presentation\"><a class=\"u-active-custom-color-5 u-border-active-grey-50 u-btn-round u-button-style u-grey-5 u-hover-custom-color-9 u-radius u-tab-link u-text-active-palette-1-dark-2 u-text-hover-palette-1-dark-2 u-text-palette-1-dark-2 u-tab-link-6\" id=\"link-tab-c826\" href=\"#tab-c826\" role=\"tab\" aria-controls=\"tab-c826\" aria-selected=\"false\"> Dorn-Therapie<\/a>\n<\/li><\/ul>\n          <div class=\"u-tab-content\">\n            <div class=\"u-align-left u-container-align-left u-container-style u-shape-rectangle u-tab-active u-tab-pane\" id=\"tab-0da5\" role=\"tabpanel\" aria-labelledby=\"link-tab-0da5\">\n              <div class=\"u-container-layout u-container-layout-1\">\n                <img decoding=\"async\" class=\"u-image u-image-round u-preserve-proportions u-radius u-image-2\" src=\"https:\/\/gesundheitspraxis-kyburz.ch\/wp-content\/uploads\/2024\/02\/Massage.jpg\" alt=\"\" data-image-width=\"300\" data-image-height=\"300\">\n                <p class=\"u-text u-text-2\"> Bei&nbsp;der&nbsp;klassischen Massage werden mit den H\u00e4nden Druck- und Zugreize auf Gewebe und Muskeln ausge\u00fcbt.<br>\n                  <br>Die Ber\u00fchrungen dehnen und entspannen&nbsp;die verkrampfte Muskulatur. Dadurch werden Schmerzen, die durch Verspannungen entstehen, beseitigt.<br>\n                  <br>Die klassische Massage hat einen positiven Einfluss auf den Herzschlag, den Blutdruck, die Atmung und die Verdauung und f\u00f6rdert so die Entspannung und das Wohlbefinden.\n                <\/p>\n              <\/div>\n            <\/div>\n            <div class=\"u-align-left u-container-align-left u-container-style u-shape-rectangle u-tab-pane\" id=\"tab-14b7\" role=\"tabpanel\" aria-labelledby=\"link-tab-14b7\">\n              <div class=\"u-container-layout u-container-layout-2\">\n                <img decoding=\"async\" class=\"u-border-2 u-border-custom-color-7 u-image u-image-round u-preserve-proportions u-radius u-image-3\" src=\"https:\/\/gesundheitspraxis-kyburz.ch\/wp-content\/uploads\/2024\/02\/Breuss-Massage.jpg\" alt=\"\" data-image-width=\"595\" data-image-height=\"595\">\n                <p class=\"u-text u-text-3\"> Die Breuss-Massage ist eine sanfte, energetische R\u00fcckenmassage, welche sich besonders zur Entspannung bei schmerzhaften Beschwerden im R\u00fcckenbereich eignet.<br>\n                  <br>Durch Streichungen, Dehnungen und sanftes Massieren bewirkt sie eine Lockerung, Energetisierung und Streckung der Wirbels\u00e4ule und des Kreuzbeins.<br>\n                  <br>Das speziell f\u00fcr diese Massage eingesetzte Johanniskraut\u00f6l dringt tief in das Gewebe ein und unterst\u00fctzt den Stoffwechsel degenerierter Bandscheiben.\n                <\/p>\n              <\/div>\n            <\/div>\n            <div class=\"u-align-left u-container-align-left u-container-style u-shape-rectangle u-tab-pane\" id=\"tab-2917\" role=\"tabpanel\" aria-labelledby=\"link-tab-2917\">\n              <div class=\"u-container-layout u-container-layout-3\">\n                <img decoding=\"async\" class=\"u-image u-image-round u-preserve-proportions u-radius u-image-4\" src=\"https:\/\/gesundheitspraxis-kyburz.ch\/wp-content\/uploads\/2024\/02\/Schroepfen.jpg\" alt=\"\" data-image-width=\"300\" data-image-height=\"300\">\n                <p class=\"u-text u-text-4\"> Die&nbsp;Schr\u00f6pfkopfmassage&nbsp;ist eine Massagetechnik, die auf dem Schr\u00f6pfen basiert.Bei diesem mehr als 5.000 Jahre alten Heilverfahren werden kugelf\u00f6rmige Gl\u00e4ser von innen erhitzt und auf den R\u00fccken eines Patienten aufgesetzt.Das dabei entstehende Vakuum f\u00fchrt dazu, dass sich die&nbsp;Haut w\u00f6lbt und in das Glas hineingezogen wird.<br>\n                  <br>Anschlie\u00dfend werden die Gl\u00e4ser durch Ziehen und Schieben \u00fcber den R\u00fccken bewegt, sodass das Vakuum auf den gesamten R\u00fccken einwirken kann. Damit die Gl\u00e4ser besser gleiten, wird der R\u00fccken zuvor mit \u00d6l oder Gel eingerieben.<br>\n                  <br>Die Schr\u00f6pfkopfmassage ist ein&nbsp;geeignetes Mittel, um Verspannungen zu l\u00f6sen und Stress&nbsp;und M\u00fcdigkeit&nbsp;zu lindern. Ausserdem&nbsp;kann sie&nbsp;bei&nbsp;Menstruationsbeschwerden, R\u00fcckenproblemen und Husten helfen.\n                <\/p>\n              <\/div>\n            <\/div>\n            <div class=\"u-align-left u-container-align-left u-container-style u-shape-rectangle u-tab-pane\" id=\"link-tab-93fc\" role=\"tabpanel\" aria-labelledby=\"tab-93fc\">\n              <div class=\"u-container-layout u-container-layout-4\">\n                <img decoding=\"async\" class=\"u-image u-image-round u-preserve-proportions u-radius u-image-5\" src=\"https:\/\/gesundheitspraxis-kyburz.ch\/wp-content\/uploads\/2024\/02\/Triggerpunkt-Massage.jpg\" alt=\"\" data-image-width=\"300\" data-image-height=\"300\">\n                <p class=\"u-text u-text-5\"> Im K\u00f6rper k\u00f6nnen&nbsp;spezielle Schmerzpunkte \u2013 sogenannte Triggerpunkte \u2013 bestehen. Dabei handelt es sich um verh\u00e4rtete Muskelfasern und Bindegewebe-Ablagerungen.<br>\n                  <br>Die&nbsp;Triggerpunkt-Massage&nbsp;bietet&nbsp;verschiedene Handgriffe und Techniken an, um diese Triggerpunkte zu finden und anschliessend zu l\u00f6sen.So&nbsp;lassen sich Schmerzen lindern und Blockaden beseitigen.\n                <\/p>\n              <\/div>\n            <\/div>\n            <div class=\"u-align-left u-container-align-left u-container-style u-shape-rectangle u-tab-pane\" id=\"tab-4940\" role=\"tabpanel\" aria-labelledby=\"link-tab-4940\">\n              <div class=\"u-container-layout u-container-layout-5\">\n                <p class=\"u-text u-text-6\">Moxibustion, auch Moxa-Therapie oder kurz Moxen, bezeichnet den Vorgang der Erw\u00e4rmung von speziellen Punkten des K\u00f6rpers. Die Therapie wurde in der Traditionellen Chinesischen Medizin (TCM) entwickelt.<br>\n                  <br>Mit gl\u00fchendem Kraut (Beifusskraut \/ Artemisia vulgaris) wird Hitze gezielt in verschiedene Akupunkturpunkte gebracht \u2013 bis die Haut sich r\u00f6tet.<br>\n                  <br>Durch die Hitze, die beim Abbrennen von Moxakraut entsteht, kann blockierte Lebensenergie wieder in Bewegung gebracht werden.<br>\n                  <br>Moxibustion hilft&nbsp;die Durchblutung des Gewebes zu verbessern, regt die Organfunktion an und st\u00e4rkt&nbsp;das Immunsystem. \n                <\/p>\n                <img decoding=\"async\" class=\"u-image u-image-round u-preserve-proportions u-radius u-image-6\" src=\"https:\/\/gesundheitspraxis-kyburz.ch\/wp-content\/uploads\/2024\/02\/Moxatherapie.jpg\" alt=\"\" data-image-width=\"300\" data-image-height=\"300\">\n              <\/div>\n            <\/div>\n            <div class=\"u-align-left u-container-align-left-lg u-container-align-left-md u-container-align-left-sm u-container-align-left-xl u-container-style u-shape-rectangle u-tab-pane\" id=\"tab-c826\" role=\"tabpanel\" aria-labelledby=\"link-tab-c826\">\n              <div class=\"u-container-layout u-container-layout-6\">\n                <div class=\"u-expanded-width-xs u-video u-video-contain u-video-1\">\n                  <div class=\"embed-responsive embed-responsive-1\">\n                    <iframe style=\"position: absolute;top: 0;left: 0;width: 100%;height: 100%;\" class=\"embed-responsive-item\" src=\"https:\/\/www.youtube.com\/embed\/8jM9hY0Jo_g?mute=0&amp;showinfo=0&amp;controls=0&amp;start=0\" frameborder=\"0\" allowfullscreen=\"\"><\/iframe>\n                  <\/div>\n                <\/div>\n                <p class=\"u-text u-text-7\"> Die&nbsp;Dorn-Therapie, auch \u00abDorn-Methode\u00bb genannt, ist eine komplement\u00e4rmedizinische manuelle Methode, f\u00fcr die Wirbels\u00e4ule und das Becken.<br>\n                  <br>Durch Verschiebung, Fehlstellung oder Blockierung eines oder mehrerer Wirbel k\u00f6nnen die entsprechenden Organe nicht mehr optimal versorgt werden und so&nbsp;k\u00f6nnen St\u00f6rungen wie Migr\u00e4ne, Verdauungsleiden, Missempfindungen und Gelenkschmerzen auftreten.<br>\n                  <br>Mit dem sanften Einrichten nach Dorn kann die Wirbels\u00e4ule in wenigen Sitzungen gerichtet und viele scheinbar therapieresistente Leiden urs\u00e4chlich angegangen und behoben werden.<br>\n                  <br>Da mit einem verschobenen Wirbel meistens auch emotionale Erlebnisse verbunden sind, kann mit dieser Therapie blockierte Energie freigesetzt werden.<br>\n                  <br>Im Unterschied zur Chiropraktik wird bei der sanften Wirbels\u00e4ulentherapie nicht abrupt gestreckt sondern sanft gedr\u00fcckt, so dass keine Verletzungsgefahr besteht.\n                <\/p>\n              <\/div>\n            <\/div>\n          <\/div>\n        <\/div>\n      <\/div>\n    <\/section>\n    \n    \n    \n    \n    \n    \n    \n    \n  \n<\/div>","protected":false},"excerpt":{"rendered":"<p>Massagen zum Entspannen und Wohlbefinden Bei allgemeinen Verspannungen und konkreten Beschwerden des Bewegungsaspparates kann die passende Massage Linderung bringen. Wir bieten Ihnen die folgenden Massagen an, die durch fachlich ausgewiesene Mitarbeitende durchgef\u00fchrt werden. Klassische Massage Breuss-Massage Schr\u00f6pfkopfmassage Triggerpunkt-Massage Moxa-Therapie Dorn-Therapie Bei&nbsp;der&nbsp;klassischen Massage werden mit den H\u00e4nden Druck- und Zugreize auf Gewebe und Muskeln ausge\u00fcbt. Die [&hellip;]<\/p>\n","protected":false},"author":1,"featured_media":0,"parent":0,"menu_order":0,"comment_status":"closed","ping_status":"closed","template":"","meta":{"iawp_total_views":599,"footnotes":""},"class_list":["post-103","page","type-page","status-publish","hentry"],"_links":{"self":[{"href":"https:\/\/gesundheitspraxis-kyburz.ch\/index.php\/wp-json\/wp\/v2\/pages\/103","targetHints":{"allow":["GET"]}}],"collection":[{"href":"https:\/\/gesundheitspraxis-kyburz.ch\/index.php\/wp-json\/wp\/v2\/pages"}],"about":[{"href":"https:\/\/gesundheitspraxis-kyburz.ch\/index.php\/wp-json\/wp\/v2\/types\/page"}],"author":[{"embeddable":true,"href":"https:\/\/gesundheitspraxis-kyburz.ch\/index.php\/wp-json\/wp\/v2\/users\/1"}],"replies":[{"embeddable":true,"href":"https:\/\/gesundheitspraxis-kyburz.ch\/index.php\/wp-json\/wp\/v2\/comments?post=103"}],"version-history":[{"count":33,"href":"https:\/\/gesundheitspraxis-kyburz.ch\/index.php\/wp-json\/wp\/v2\/pages\/103\/revisions"}],"predecessor-version":[{"id":347,"href":"https:\/\/gesundheitspraxis-kyburz.ch\/index.php\/wp-json\/wp\/v2\/pages\/103\/revisions\/347"}],"wp:attachment":[{"href":"https:\/\/gesundheitspraxis-kyburz.ch\/index.php\/wp-json\/wp\/v2\/media?parent=103"}],"curies":[{"name":"wp","href":"https:\/\/api.w.org\/{rel}","templated":true}]}}