{"id":322,"date":"2024-03-22T10:47:23","date_gmt":"2024-03-22T10:47:23","guid":{"rendered":"https:\/\/andreasryser.ch\/?page_id=322"},"modified":"2025-02-27T11:45:49","modified_gmt":"2025-02-27T11:45:49","slug":"wasser","status":"publish","type":"page","link":"https:\/\/gesundheitspraxis-kyburz.ch\/index.php\/wasser\/","title":{"rendered":"Wasser"},"content":{"rendered":"<div class=\"\" style=\"\" >\n    \n    <section class=\"u-clearfix u-image u-section-2\" id=\"sec-0c9f\" data-image-width=\"1534\" data-image-height=\"1080\" style=\"background-image: url(&quot;https:\/\/gesundheitspraxis-kyburz.ch\/wp-content\/uploads\/2024\/02\/ffg.jpg&quot;);\">\n      <div class=\"u-clearfix u-sheet u-sheet-1\">\n        <img decoding=\"async\" class=\"u-image u-image-contain u-image-default u-image-1\" src=\"https:\/\/gesundheitspraxis-kyburz.ch\/wp-content\/uploads\/2024\/03\/ECAIA.png\" alt=\"\" data-image-width=\"270\" data-image-height=\"148\">\n        <h3 class=\"u-align-left u-text u-text-1\">Wasser<\/h3>\n        <div class=\"data-layout-selected u-clearfix u-expanded-width u-layout-wrap u-layout-wrap-1\">\n          <div class=\"u-layout\">\n            <div class=\"u-layout-row\">\n              <div class=\"u-container-style u-layout-cell u-size-30 u-layout-cell-1\">\n                <div class=\"u-container-layout u-valign-top u-container-layout-1\">\n                  <div class=\"fr-view u-clearfix u-rich-text u-text u-text-2\">\n                    <p style=\"line-height: 1.4;\">Wasser ist das Wichtigste aller Lebensmittel und f\u00fcr viele K\u00f6rperabl\u00e4ufe, auch speziell bei der Genesung, enorm wichtig.&nbsp;<\/p>\n                    <p style=\"line-height: 1.4;\">Unser K\u00f6rper besteht zu 70% aus Wasser \u2013 90% davon sind basisch.&nbsp;<\/p>\n                    <p style=\"line-height: 1.4;\">Damit Wasser vom K\u00f6rper optimal aufgenommen werden kann, sollte es folgende Eigenschaften haben:<\/p>\n                    <ul>\n                      <li style=\"font-size: 1.1875rem; line-height: 1.4;\">energetisiert,&nbsp;<\/li>\n                      <li style=\"font-size: 1.1875rem; line-height: 1.4;\">sauber,<\/li>\n                      <li style=\"font-size: 1.1875rem; line-height: 1.4;\">basisch,&nbsp;<\/li>\n                      <li style=\"font-size: 1.1875rem; line-height: 1.4;\">ionisiert (minus geladen),<\/li>\n                      <li style=\"font-size: 1.1875rem; line-height: 1.4;\">antioxidant.<\/li>\n                    <\/ul>\n                    <p style=\"line-height: 1.4;\">\n                      <br>ECAIA Wasser verf\u00fcgt genau \u00fcber diese Qualit\u00e4ten.\n                    <\/p>\n                    <p id=\"isPasted\">Wir bieten Ihnen gerne einen Becher ECAIA Wasser in unserer Praxis an.<\/p>\n                    <p>\n                      <span style=\"font-weight: 700;\">Fragen Sie uns danach.<\/span>\n                    <\/p>\n                  <\/div>\n                <\/div>\n              <\/div>\n              <div class=\"u-container-style u-layout-cell u-size-30 u-layout-cell-2\">\n                <div class=\"u-container-layout u-container-layout-2\">\n                  <div class=\"fr-view u-clearfix u-rich-text u-text u-text-3\"><\/div>\n                  <img decoding=\"async\" class=\"custom-expanded u-image u-image-contain u-image-default u-image-2\" src=\"https:\/\/gesundheitspraxis-kyburz.ch\/wp-content\/uploads\/2024\/02\/3.png\" alt=\"\" data-image-width=\"1032\" data-image-height=\"879\">\n                  <div class=\"fr-view u-clearfix u-rich-text u-text u-text-4\"><\/div>\n                  <img decoding=\"async\" class=\"custom-expanded u-expanded-width-md u-image u-image-contain u-image-default u-image-3\" src=\"https:\/\/gesundheitspraxis-kyburz.ch\/wp-content\/uploads\/2024\/03\/ECAIA_Wasserfilter_600x600.jpg\" alt=\"\" data-image-width=\"600\" data-image-height=\"400\">\n                <\/div>\n              <\/div>\n            <\/div>\n          <\/div>\n        <\/div>\n        <div class=\"data-layout-selected u-clearfix u-expanded-width u-layout-wrap u-layout-wrap-2\">\n          <div class=\"u-layout\">\n            <div class=\"u-layout-row\">\n              <div class=\"u-container-style u-layout-cell u-size-30 u-layout-cell-3\">\n                <div class=\"u-container-layout u-valign-top-xs u-container-layout-3\">\n                  <div class=\"u-expanded-width-sm u-expanded-width-xs u-video u-video-contain u-video-1\">\n                    <div class=\"embed-responsive embed-responsive-1\">\n                      <iframe style=\"position: absolute;top: 0;left: 0;width: 100%;height: 100%;\" class=\"embed-responsive-item\" src=\"https:\/\/www.youtube.com\/embed\/j0nETjiPD80?mute=0&amp;showinfo=0&amp;controls=0&amp;start=0\" frameborder=\"0\" allowfullscreen=\"\"><\/iframe>\n                    <\/div>\n                  <\/div>\n                  <p class=\"u-align-left u-text u-text-5\">ECAIA steht f\u00fcr <span style=\"font-weight: 700;\">E<\/span>nergized, <span style=\"font-weight: 700;\">C<\/span>lean, <span style=\"font-weight: 700;\">A<\/span>lkaline, <span style=\"font-weight: 700;\">I<\/span>onized und <span style=\"font-weight: 700;\">A<\/span>ntioxidant. Das Video wurde von der Sanuslife International zur Verf\u00fcgung gestellt.\n                  <\/p>\n                <\/div>\n              <\/div>\n              <div class=\"u-container-style u-layout-cell u-size-30 u-layout-cell-4\">\n                <div class=\"u-container-layout u-valign-top-lg u-valign-top-md u-valign-top-sm u-valign-top-xl u-container-layout-4\">\n                  <div class=\"u-expanded-width-lg u-expanded-width-md u-expanded-width-sm u-expanded-width-xs u-video u-video-contain u-video-2\">\n                    <div class=\"embed-responsive embed-responsive-2\">\n                      <iframe style=\"position: absolute;top: 0;left: 0;width: 100%;height: 100%;\" class=\"embed-responsive-item\" src=\"https:\/\/www.youtube.com\/embed\/193GKXyGJ1w?mute=0&amp;showinfo=0&amp;controls=0&amp;start=0\" frameborder=\"0\" allowfullscreen=\"\"><\/iframe>\n                    <\/div>\n                  <\/div>\n                  <p class=\"u-align-left u-text u-text-6\">FAIRTALK \u00abAuf Augenh\u00f6he\u00bb vom 21.3.2024<\/p>\n                <\/div>\n              <\/div>\n            <\/div>\n          <\/div>\n        <\/div>\n      <\/div>\n    <\/section>\n    \n    \n    \n    \n    \n    \n    \n    \n  \n<\/div>","protected":false},"excerpt":{"rendered":"<p>Wasser Wasser ist das Wichtigste aller Lebensmittel und f\u00fcr viele K\u00f6rperabl\u00e4ufe, auch speziell bei der Genesung, enorm wichtig.&nbsp; Unser K\u00f6rper besteht zu 70% aus Wasser \u2013 90% davon sind basisch.&nbsp; Damit Wasser vom K\u00f6rper optimal aufgenommen werden kann, sollte es folgende Eigenschaften haben: energetisiert,&nbsp; sauber, basisch,&nbsp; ionisiert (minus geladen), antioxidant. ECAIA Wasser verf\u00fcgt genau \u00fcber [&hellip;]<\/p>\n","protected":false},"author":1,"featured_media":0,"parent":0,"menu_order":0,"comment_status":"closed","ping_status":"closed","template":"","meta":{"iawp_total_views":506,"footnotes":""},"class_list":["post-322","page","type-page","status-publish","hentry"],"_links":{"self":[{"href":"https:\/\/gesundheitspraxis-kyburz.ch\/index.php\/wp-json\/wp\/v2\/pages\/322","targetHints":{"allow":["GET"]}}],"collection":[{"href":"https:\/\/gesundheitspraxis-kyburz.ch\/index.php\/wp-json\/wp\/v2\/pages"}],"about":[{"href":"https:\/\/gesundheitspraxis-kyburz.ch\/index.php\/wp-json\/wp\/v2\/types\/page"}],"author":[{"embeddable":true,"href":"https:\/\/gesundheitspraxis-kyburz.ch\/index.php\/wp-json\/wp\/v2\/users\/1"}],"replies":[{"embeddable":true,"href":"https:\/\/gesundheitspraxis-kyburz.ch\/index.php\/wp-json\/wp\/v2\/comments?post=322"}],"version-history":[{"count":18,"href":"https:\/\/gesundheitspraxis-kyburz.ch\/index.php\/wp-json\/wp\/v2\/pages\/322\/revisions"}],"predecessor-version":[{"id":449,"href":"https:\/\/gesundheitspraxis-kyburz.ch\/index.php\/wp-json\/wp\/v2\/pages\/322\/revisions\/449"}],"wp:attachment":[{"href":"https:\/\/gesundheitspraxis-kyburz.ch\/index.php\/wp-json\/wp\/v2\/media?parent=322"}],"curies":[{"name":"wp","href":"https:\/\/api.w.org\/{rel}","templated":true}]}}