{"id":402,"date":"2024-03-24T16:12:30","date_gmt":"2024-03-24T16:12:30","guid":{"rendered":"https:\/\/andreasryser.ch\/?page_id=402"},"modified":"2025-01-15T09:24:49","modified_gmt":"2025-01-15T09:24:49","slug":"disclaimer-2","status":"publish","type":"page","link":"https:\/\/gesundheitspraxis-kyburz.ch\/index.php\/disclaimer-2\/","title":{"rendered":"Disclaimer"},"content":{"rendered":"<div class=\"\" style=\"\" >\n    \n    <section class=\"u-align-left u-clearfix u-container-align-left u-image u-section-2\" id=\"sec-8f11\" data-image-width=\"1534\" data-image-height=\"1080\" style=\"background-image: url(&quot;https:\/\/gesundheitspraxis-kyburz.ch\/wp-content\/uploads\/2024\/02\/bvvbb.png&quot;);\">\n      <div class=\"u-clearfix u-sheet u-sheet-1\">\n        <div class=\"fr-view u-clearfix u-rich-text u-text u-text-1\">\n          <h3 style=\"text-align: center;\">Rechtliche Hinweise<\/h3>\n          <p>\n            <br>\n          <\/p>\n          <p>Alle Texte, Grafiken und Bilder auf unserer Webseite unterliegen dem Copyright und den Urheberrechten der Gesundheitspraxis Kyburz GmbH resp. der entsprechendn Rechteinhaber. Kein Teil dieser Publikation darf ohne schriftliche Genehmigung in irgendeiner Form reproduziert und unter Verwendung elektronischer Systeme verarbeitet, vervielf\u00e4ltigt oder verbreitet werden. Eine Haftung f\u00fcr die Richtigkeit der Inhalte kann trotz sorgf\u00e4ltiger Pr\u00fcfung vom Herausgeber nicht \u00fcbernommen werden.<\/p>\n          <p>Wir \u00fcbernehmen keinerlei Verantwortung f\u00fcr die Inhalte der Seiten, auf die wir in Form von Links oder Bannern verweisen. Zum Zeitpunkt der Linksetzung waren die entsprechenden Seiten frei von illegalen Inhalten.<\/p>\n          <p>Haftungsanspr\u00fcche gegen die Gesundheitspraxis Kyburz GmbH wegen Sch\u00e4den materieller oder immaterieller Art, welche aus dem Zugriff oder der Nutzung bzw. Nichtnutzung der ver\u00f6ffentlichten Informationen, durch Missbrauch der Verbindung oder durch technische St\u00f6rungen entstanden sind, werden ausgeschlossen.<\/p>\n          <p>Alle Angebote sind unverbindlich. Wir behalten uns ausdr\u00fccklich vor, Teile der Seiten oder das gesamte Angebot ohne gesonderte Ank\u00fcndigung zu ver\u00e4ndern, zu erg\u00e4nzen, zu l\u00f6schen oder die Ver\u00f6ffentlichung zeitweise oder endg\u00fcltig einzustellen.<\/p>\n          <p>Bildnachweis: \u00abWasserglas\u00bb von Kobu Agency auf Unsplash.<\/p>\n        <\/div>\n      <\/div>\n    <\/section>\n    \n    \n    \n    \n    \n    \n    \n    \n  \n<\/div>","protected":false},"excerpt":{"rendered":"<p>Rechtliche Hinweise Alle Texte, Grafiken und Bilder auf unserer Webseite unterliegen dem Copyright und den Urheberrechten der Gesundheitspraxis Kyburz GmbH resp. der entsprechendn Rechteinhaber. Kein Teil dieser Publikation darf ohne schriftliche Genehmigung in irgendeiner Form reproduziert und unter Verwendung elektronischer Systeme verarbeitet, vervielf\u00e4ltigt oder verbreitet werden. Eine Haftung f\u00fcr die Richtigkeit der Inhalte kann trotz [&hellip;]<\/p>\n","protected":false},"author":1,"featured_media":0,"parent":0,"menu_order":0,"comment_status":"closed","ping_status":"closed","template":"","meta":{"iawp_total_views":35,"footnotes":""},"class_list":["post-402","page","type-page","status-publish","hentry"],"_links":{"self":[{"href":"https:\/\/gesundheitspraxis-kyburz.ch\/index.php\/wp-json\/wp\/v2\/pages\/402","targetHints":{"allow":["GET"]}}],"collection":[{"href":"https:\/\/gesundheitspraxis-kyburz.ch\/index.php\/wp-json\/wp\/v2\/pages"}],"about":[{"href":"https:\/\/gesundheitspraxis-kyburz.ch\/index.php\/wp-json\/wp\/v2\/types\/page"}],"author":[{"embeddable":true,"href":"https:\/\/gesundheitspraxis-kyburz.ch\/index.php\/wp-json\/wp\/v2\/users\/1"}],"replies":[{"embeddable":true,"href":"https:\/\/gesundheitspraxis-kyburz.ch\/index.php\/wp-json\/wp\/v2\/comments?post=402"}],"version-history":[{"count":5,"href":"https:\/\/gesundheitspraxis-kyburz.ch\/index.php\/wp-json\/wp\/v2\/pages\/402\/revisions"}],"predecessor-version":[{"id":579,"href":"https:\/\/gesundheitspraxis-kyburz.ch\/index.php\/wp-json\/wp\/v2\/pages\/402\/revisions\/579"}],"wp:attachment":[{"href":"https:\/\/gesundheitspraxis-kyburz.ch\/index.php\/wp-json\/wp\/v2\/media?parent=402"}],"curies":[{"name":"wp","href":"https:\/\/api.w.org\/{rel}","templated":true}]}}