{"id":453,"date":"2024-03-28T20:57:14","date_gmt":"2024-03-28T20:57:14","guid":{"rendered":"https:\/\/andreasryser.ch\/?page_id=453"},"modified":"2025-04-25T11:45:20","modified_gmt":"2025-04-25T11:45:20","slug":"praxis","status":"publish","type":"page","link":"https:\/\/gesundheitspraxis-kyburz.ch\/index.php\/praxis\/","title":{"rendered":"Praxis"},"content":{"rendered":"<div class=\"\" style=\"\" >\n    \n    <section class=\"u-clearfix u-image u-section-2\" id=\"sec-0c9f\" data-image-width=\"1534\" data-image-height=\"1080\" style=\"background-image: url(&quot;https:\/\/gesundheitspraxis-kyburz.ch\/wp-content\/uploads\/2024\/02\/ffg.jpg&quot;);\">\n      <div class=\"u-clearfix u-sheet u-sheet-1\">\n        <div class=\"fr-view u-clearfix u-rich-text u-text u-text-1\">\n          <h3 style=\"text-align: center;\"><span style=\"font-size: 1.875rem;\">Unser Praxis-Team ist f\u00fcr Sie da<\/span>\n          <\/h3>\n          <p style=\"text-align: left;\">\n            <br>\n          <\/p>\n          <p id=\"isPasted\" style=\"text-align: center;\">Menschen sollten mehr Eigenverantwortung f\u00fcr Ihre Gesundheit \u00fcbernehmen. Das beginnt mit einer ausgewogenen gesunden Ern\u00e4hrung, gen\u00fcgend Bewegung und endet beim H\u00f6ren auf seinen eigenen K\u00f6rper. Wir unterst\u00fctzen Sie gerne dabei.<\/p>\n        <\/div>\n        <img decoding=\"async\" class=\"u-image u-image-contain u-image-round u-radius u-image-1\" src=\"https:\/\/gesundheitspraxis-kyburz.ch\/wp-content\/uploads\/2025\/04\/Ursula-1.png\" alt=\"Portrait Ursula Kyburz\" data-image-width=\"400\" data-image-height=\"400\">\n        <img decoding=\"async\" class=\"u-image u-image-contain u-image-round u-radius u-image-2\" src=\"https:\/\/gesundheitspraxis-kyburz.ch\/wp-content\/uploads\/2025\/04\/Svenja.png\" alt=\"Portrait Svenja Baumann\" data-image-width=\"400\" data-image-height=\"400\">\n        <img decoding=\"async\" class=\"u-image u-image-contain u-image-round u-radius u-image-3\" src=\"https:\/\/gesundheitspraxis-kyburz.ch\/wp-content\/uploads\/2025\/04\/Andrea.png\" alt=\"Portrait Andrea Isenschmid\" data-image-width=\"400\" data-image-height=\"400\">\n        <div class=\"fr-view u-clearfix u-rich-text u-text u-text-2\">\n          <h6 id=\"isPasted\" style=\"text-align: center;\"><span style=\"font-size: 1.125rem;\">Andrea Isenschmid<\/span>\n          <\/h6>\n          <p style=\"text-align: center; line-height: 1.2;\">&nbsp;\u2013 Naturheilpraktikerin mit Zertifikat Oda AM in Traditioneller Europ\u00e4ischer Naturheilkunde TEN<\/p>\n          <p style=\"text-align: center; line-height: 1.2;\">\u2013 Bioresonanz Therapeutin<\/p>\n          <p style=\"text-align: center; line-height: 1.2;\">\u2013 Masseurin<\/p>\n          <p style=\"text-align: center; line-height: 1.2;\">\u2013 Fussreflexzonen Therapeutin<\/p>\n        <\/div>\n        <div class=\"fr-view u-clearfix u-rich-text u-text u-text-3\">\n          <h6 style=\"text-align: center;\"><span style=\"font-size: 1.125rem;\">Ursula Kyburz<\/span>\n          <\/h6>\n          <p style=\"text-align: center; line-height: 1.2;\">\u2013 European Diplome of Holistic<\/p>\n          <p style=\"text-align: center; line-height: 1.2;\">\u2013 Bioenergetic Medicine<\/p>\n          <p style=\"text-align: center; line-height: 1.2;\">\u2013 Bioresonanz Therapeutin<\/p>\n          <p style=\"text-align: center; line-height: 1.2;\">\u2013 Komplement\u00e4r Therapeutin NVS<\/p>\n          <p style=\"text-align: center; line-height: 1.2;\">\u2013 Masseurin<\/p>\n        <\/div>\n        <div class=\"fr-view u-clearfix u-rich-text u-text u-text-4\">\n          <h6 style=\"text-align: center;\"><span style=\"font-size: 1.125rem;\">Svenja Baumann<\/span>\n          <\/h6>\n          <p style=\"text-align: center; line-height: 1.2;\">\u2013 Medizinische Praxisassistentin<\/p>\n          <p style=\"text-align: center; line-height: 1.2;\">\u2013 Naturheilpraktikerin TEN i.A.<\/p>\n        <\/div>\n      <\/div>\n    <\/section>\n    <section class=\"u-align-left u-clearfix u-container-align-center-lg u-container-align-center-md u-container-align-center-sm u-container-align-center-xl u-container-align-left u-image u-section-3\" id=\"sec-055c\" data-image-width=\"1534\" data-image-height=\"1080\" style=\"background-image: url(&quot;https:\/\/gesundheitspraxis-kyburz.ch\/wp-content\/uploads\/2024\/02\/ffg.jpg&quot;);\">\n      <div class=\"u-clearfix u-sheet u-valign-middle-lg u-sheet-1\">\n        <div class=\"u-accordion u-collapsed-by-default u-expanded-width u-accordion-1\" role=\"tablist\">\n          <div class=\"u-accordion-item\">\n            <a class=\"u-accordion-link u-button-style u-accordion-link-1\" id=\"link-2678\" aria-controls=\"2678\" aria-selected=\"false\" role=\"tab\"><span class=\"u-accordion-link-text\">Zertifikate Ursula Kyburz<\/span><span class=\"u-accordion-link-icon u-icon u-text-grey-40 u-icon-1\"><svg class=\"u-svg-link\" preserveAspectRatio=\"xMidYMin slice\" viewBox=\"0 0 16 16\" style=\"\"><use xlink:href=\"#svg-1bb7\"><\/use><\/svg><svg class=\"u-svg-content\" viewBox=\"0 0 16 16\" x=\"0px\" y=\"0px\" id=\"svg-1bb7\"><path d=\"M8,10.7L1.6,5.3c-0.4-0.4-1-0.4-1.3,0c-0.4,0.4-0.4,0.9,0,1.3l7.2,6.1c0.1,0.1,0.4,0.2,0.6,0.2s0.4-0.1,0.6-0.2l7.1-6\n\tc0.4-0.4,0.4-0.9,0-1.3c-0.4-0.4-1-0.4-1.3,0L8,10.7z\"><\/path><\/svg><\/span>\n            <\/a>\n            <div class=\"u-accordion-pane u-container-style u-accordion-pane-1\" id=\"2678\" aria-labelledby=\"link-2678\" role=\"tabpanel\">\n              <div class=\"u-container-layout u-container-layout-1\">\n                <div class=\"u-shortcode u-shortcode-1\"><div id=\"wppdfemb-frame-container-2\"><iframe id=\"wppdf-emb-iframe-2\" scrolling=\"no\" data-pdf-index=\"2\" class=\"pdfembed-iframe nonfullscreen\" style=\"border: none; width:100%; max-width: 100%; min-height: 1000px;\" src=\"https:\/\/gesundheitspraxis-kyburz.ch?url=https%3A%2F%2Fgesundheitspraxis-kyburz.ch%2Fwp-content%2Fuploads%2F2024%2F03%2FUrsula-Kyburz-Zertifikate.pdf&title=Zertifikate+Ursula+Kyburz&pdfID=2&index=2\" ><\/iframe><\/div><\/div>\n              <\/div>\n            <\/div>\n          <\/div>\n          <div class=\"u-accordion-item u-accordion-item-2\">\n            <a class=\"u-accordion-link u-button-style u-accordion-link-2\" id=\"link-0ade\" role=\"tab\" aria-controls=\"0ade\" aria-selected=\"false\"><span class=\"u-accordion-link-text\">Zertifikate Andrea Isenschmid<\/span><span class=\"u-accordion-link-icon u-icon u-text-grey-40 u-icon-2\"><svg class=\"u-svg-link\" preserveAspectRatio=\"xMidYMin slice\" viewBox=\"0 0 16 16\" style=\"\"><use xlink:href=\"#svg-c521\"><\/use><\/svg><svg class=\"u-svg-content\" viewBox=\"0 0 16 16\" x=\"0px\" y=\"0px\" id=\"svg-c521\"><path d=\"M8,10.7L1.6,5.3c-0.4-0.4-1-0.4-1.3,0c-0.4,0.4-0.4,0.9,0,1.3l7.2,6.1c0.1,0.1,0.4,0.2,0.6,0.2s0.4-0.1,0.6-0.2l7.1-6\n\tc0.4-0.4,0.4-0.9,0-1.3c-0.4-0.4-1-0.4-1.3,0L8,10.7z\"><\/path><\/svg><\/span>\n            <\/a>\n            <div class=\"u-accordion-pane u-container-style u-accordion-pane-2\" id=\"0ade\" role=\"tabpanel\" aria-labelledby=\"link-0ade\">\n              <div class=\"u-container-layout u-valign-middle u-container-layout-2\">\n                <div class=\"u-shortcode u-shortcode-2\"><div id=\"wppdfemb-frame-container-3\"><iframe id=\"wppdf-emb-iframe-3\" scrolling=\"no\" data-pdf-index=\"3\" class=\"pdfembed-iframe nonfullscreen\" style=\"border: none; width:100%; max-width: 100%; min-height: 1000px;\" src=\"https:\/\/gesundheitspraxis-kyburz.ch?url=https%3A%2F%2Fgesundheitspraxis-kyburz.ch%2Fwp-content%2Fuploads%2F2025%2F04%2FZertifikate-Andreas-Isenschmid.pdf&pdfID=3&index=3\" ><\/iframe><\/div><\/div>\n              <\/div>\n            <\/div>\n          <\/div>\n          <div class=\"u-accordion-item u-accordion-item-3\">\n            <a class=\"u-accordion-link u-button-style u-accordion-link-3\" id=\"link-0611\" aria-controls=\"0611\" aria-selected=\"false\" role=\"tab\"><span class=\"u-accordion-link-text\">Publi-Reportage \u00ab40 Jahre Naturheilpraxis Kyburz\u00bb<\/span><span class=\"u-accordion-link-icon u-icon u-text-grey-40 u-icon-3\"><svg class=\"u-svg-link\" preserveAspectRatio=\"xMidYMin slice\" viewBox=\"0 0 16 16\" style=\"\"><use xlink:href=\"#svg-98bf\"><\/use><\/svg><svg class=\"u-svg-content\" viewBox=\"0 0 16 16\" x=\"0px\" y=\"0px\" id=\"svg-98bf\"><path d=\"M8,10.7L1.6,5.3c-0.4-0.4-1-0.4-1.3,0c-0.4,0.4-0.4,0.9,0,1.3l7.2,6.1c0.1,0.1,0.4,0.2,0.6,0.2s0.4-0.1,0.6-0.2l7.1-6\n\tc0.4-0.4,0.4-0.9,0-1.3c-0.4-0.4-1-0.4-1.3,0L8,10.7z\"><\/path><\/svg><\/span>\n            <\/a>\n            <div class=\"u-accordion-pane u-container-style u-accordion-pane-3\" id=\"0611\" aria-labelledby=\"link-0611\" role=\"tabpanel\">\n              <div class=\"u-container-layout u-container-layout-3\">\n                <div class=\"u-shortcode u-shortcode-3\"><div id=\"wppdfemb-frame-container-4\"><iframe id=\"wppdf-emb-iframe-4\" scrolling=\"no\" data-pdf-index=\"4\" class=\"pdfembed-iframe nonfullscreen\" style=\"border: none; width:100%; max-width: 100%; min-height: 1000px;\" src=\"https:\/\/gesundheitspraxis-kyburz.ch?url=https%3A%2F%2Fgesundheitspraxis-kyburz.ch%2Fwp-content%2Fuploads%2F2024%2F02%2FZeitungsbericht-Thuner-Amtsanzeiger-Febr.-2023-15.02.2023.pdf&pdfID=4&index=4\" ><\/iframe><\/div><\/div>\n              <\/div>\n            <\/div>\n          <\/div>\n        <\/div>\n      <\/div>\n    <\/section>\n    \n    \n    \n    \n    \n    \n    \n    \n  \n<\/div>","protected":false},"excerpt":{"rendered":"<p>Unser Praxis-Team ist f\u00fcr Sie da Menschen sollten mehr Eigenverantwortung f\u00fcr Ihre Gesundheit \u00fcbernehmen. Das beginnt mit einer ausgewogenen gesunden Ern\u00e4hrung, gen\u00fcgend Bewegung und endet beim H\u00f6ren auf seinen eigenen K\u00f6rper. Wir unterst\u00fctzen Sie gerne dabei. Andrea Isenschmid &nbsp;\u2013 Naturheilpraktikerin mit Zertifikat Oda AM in Traditioneller Europ\u00e4ischer Naturheilkunde TEN \u2013 Bioresonanz Therapeutin \u2013 Masseurin \u2013 [&hellip;]<\/p>\n","protected":false},"author":1,"featured_media":0,"parent":0,"menu_order":0,"comment_status":"closed","ping_status":"closed","template":"","meta":{"iawp_total_views":1504,"footnotes":""},"class_list":["post-453","page","type-page","status-publish","hentry"],"_links":{"self":[{"href":"https:\/\/gesundheitspraxis-kyburz.ch\/index.php\/wp-json\/wp\/v2\/pages\/453","targetHints":{"allow":["GET"]}}],"collection":[{"href":"https:\/\/gesundheitspraxis-kyburz.ch\/index.php\/wp-json\/wp\/v2\/pages"}],"about":[{"href":"https:\/\/gesundheitspraxis-kyburz.ch\/index.php\/wp-json\/wp\/v2\/types\/page"}],"author":[{"embeddable":true,"href":"https:\/\/gesundheitspraxis-kyburz.ch\/index.php\/wp-json\/wp\/v2\/users\/1"}],"replies":[{"embeddable":true,"href":"https:\/\/gesundheitspraxis-kyburz.ch\/index.php\/wp-json\/wp\/v2\/comments?post=453"}],"version-history":[{"count":39,"href":"https:\/\/gesundheitspraxis-kyburz.ch\/index.php\/wp-json\/wp\/v2\/pages\/453\/revisions"}],"predecessor-version":[{"id":646,"href":"https:\/\/gesundheitspraxis-kyburz.ch\/index.php\/wp-json\/wp\/v2\/pages\/453\/revisions\/646"}],"wp:attachment":[{"href":"https:\/\/gesundheitspraxis-kyburz.ch\/index.php\/wp-json\/wp\/v2\/media?parent=453"}],"curies":[{"name":"wp","href":"https:\/\/api.w.org\/{rel}","templated":true}]}}