{"id":7,"date":"2024-02-07T13:14:27","date_gmt":"2024-02-07T13:14:27","guid":{"rendered":"https:\/\/andreasryser.ch\/?page_id=7"},"modified":"2026-01-05T08:10:52","modified_gmt":"2026-01-05T08:10:52","slug":"home","status":"publish","type":"page","link":"https:\/\/gesundheitspraxis-kyburz.ch\/","title":{"rendered":"Home"},"content":{"rendered":"<div class=\"\" style=\"\" >\n    \n    <section class=\"u-align-center u-clearfix u-container-align-center u-container-align-center-lg u-container-align-center-xl u-image u-section-2\" id=\"carousel_e885\" data-image-width=\"1534\" data-image-height=\"1080\" style=\"background-image: url(&quot;https:\/\/gesundheitspraxis-kyburz.ch\/wp-content\/uploads\/2024\/02\/a3e1f129-98b6-e3f1-c769-a621b6f771c9.png&quot;);\">\n      <div class=\"u-clearfix u-sheet u-sheet-1\">\n        <div class=\"u-border-13 u-border-custom-color-2 u-image u-image-circle u-image-1\" alt=\"Portrait Ursula Kyburz\" data-image-width=\"400\" data-image-height=\"400\" style=\"background-image: url(&quot;https:\/\/gesundheitspraxis-kyburz.ch\/wp-content\/uploads\/2025\/04\/Ursula-1.png&quot;);\"><\/div>\n        <h1 class=\"u-text u-text-1\">Sich etwas Gutes tun<\/h1>\n        <p class=\"u-text u-text-2\">\u00abIch begr\u00fcsse Sie ganz herzlich in unserer Gesundheitspraxis. <br>Dank meiner 40-j\u00e4hrigen Berufserfahrung bin ich zuversichtlich,<br>dass ich auch Sie in Ihrem Wohlbefinden unterst\u00fctzen kann.<br>Ich freue mich darauf, Sie pers\u00f6nlich kennenzulernen.\u00bb<br>Ursula Kyburz\n        <\/p>\n        <a href=\"#termin\" class=\"u-active-custom-color-7 u-border-none u-btn u-btn-round u-button-style u-custom-color-7 u-hover-custom-color-7 u-radius u-text-palette-1-dark-2 u-btn-1\">jetzt Termin buchen <\/a>\n      <\/div>\n    <\/section>\n    <section class=\"u-clearfix u-image u-section-3\" id=\"sec-825b\" data-image-width=\"1980\" data-image-height=\"1262\" style=\"background-image: url(&quot;https:\/\/gesundheitspraxis-kyburz.ch\/wp-content\/uploads\/2024\/02\/ii.png&quot;);\">\n      <div class=\"u-clearfix u-sheet u-valign-middle-md u-valign-middle-sm u-valign-middle-xl u-valign-middle-xs u-sheet-1\">\n        <div class=\"data-layout-selected u-clearfix u-expanded-width u-layout-wrap u-layout-wrap-1\">\n          <div class=\"u-layout\">\n            <div class=\"u-layout-row\">\n              <div class=\"u-align-center u-container-align-center u-container-style u-layout-cell u-size-30 u-layout-cell-1\">\n                <div class=\"u-container-layout u-container-layout-1\">\n                  <img decoding=\"async\" class=\"u-expanded-width-xs u-image u-image-contain u-image-default u-image-1\" src=\"https:\/\/gesundheitspraxis-kyburz.ch\/wp-content\/uploads\/2024\/02\/3.png\" alt=\"\" data-image-width=\"1032\" data-image-height=\"879\">\n                  <img decoding=\"async\" class=\"u-image u-image-round u-radius u-image-2\" src=\"https:\/\/gesundheitspraxis-kyburz.ch\/wp-content\/uploads\/2024\/03\/Bioresonanz_gross-scaled.jpg\" alt=\"\" data-image-width=\"2560\" data-image-height=\"1810\">\n                <\/div>\n              <\/div>\n              <div class=\"u-align-center-sm u-align-center-xs u-align-left-lg u-align-left-md u-align-left-xl u-container-style u-layout-cell u-size-30 u-layout-cell-2\">\n                <div class=\"u-container-layout u-valign-bottom-sm u-valign-bottom-xs u-container-layout-2\">\n                  <h6 class=\"u-text u-text-palette-1-base u-text-1\">die welt ist schwingung<\/h6>\n                  <h3 class=\"u-text u-text-2\">Bioresonanztherapie<\/h3>\n                  <p class=\"u-text u-text-3\"> Die Bioresonanztherapie ist eine sanfte, nebenwirkungsfreie, computergesteuerte Schwingungstherapie, die die Selbstheilungskr\u00e4fte des K\u00f6rpers anregt.<\/p>\n                  <a href=\"https:\/\/gesundheitspraxis-kyburz.ch\/index.php\/bioresonanz\/\" class=\"u-active-custom-color-7 u-border-none u-btn u-btn-round u-button-style u-custom-color-7 u-hover-custom-color-7 u-radius u-text-palette-1-dark-2 u-btn-1\">Mehr erfahren <\/a>\n                <\/div>\n              <\/div>\n            <\/div>\n          <\/div>\n        <\/div>\n      <\/div>\n    <\/section>\n    <section class=\"u-clearfix u-image u-section-4\" id=\"carousel_7734\" data-image-width=\"1534\" data-image-height=\"1080\" style=\"background-image: url(&quot;https:\/\/gesundheitspraxis-kyburz.ch\/wp-content\/uploads\/2024\/02\/4d272b1a-2f81-2e72-2f2c-5a96e6c1c856.png&quot;);\">\n      <div class=\"u-clearfix u-sheet u-valign-middle-xs u-sheet-1\">\n        <div class=\"data-layout-selected u-clearfix u-expanded-width-md u-expanded-width-sm u-expanded-width-xl u-expanded-width-xs u-layout-wrap u-layout-wrap-1\">\n          <div class=\"u-layout\">\n            <div class=\"u-layout-row\">\n              <div class=\"u-align-center-sm u-align-center-xs u-align-left-lg u-align-left-md u-align-left-xl u-container-style u-layout-cell u-size-30 u-layout-cell-1\">\n                <div class=\"u-container-layout u-valign-bottom-sm u-valign-bottom-xs u-container-layout-1\">\n                  <h6 class=\"u-text u-text-grey-40 u-text-1\">ber\u00fchrung tut gut<\/h6>\n                  <h3 class=\"u-text u-text-2\">Verschiedene Massagen<\/h3>\n                  <p class=\"u-text u-text-3\"> Wir bieten verschiedene Massagetechniken an, um Verspannungen und Schmerzen in Ihrer Muskulatur und im ganzen K\u00f6rper zu lindern.<\/p>\n                  <a href=\"https:\/\/gesundheitspraxis-kyburz.ch\/index.php\/massagen\/\" class=\"u-active-custom-color-7 u-border-none u-btn u-btn-round u-button-style u-custom-color-7 u-hover-custom-color-7 u-radius u-text-palette-1-dark-2 u-btn-1\">Mehr erfahren <\/a>\n                <\/div>\n              <\/div>\n              <div class=\"u-align-center u-container-align-center u-container-style u-layout-cell u-size-30 u-layout-cell-2\">\n                <div class=\"u-container-layout u-container-layout-2\">\n                  <img decoding=\"async\" class=\"u-image u-image-contain u-image-default u-image-1\" src=\"https:\/\/gesundheitspraxis-kyburz.ch\/wp-content\/uploads\/2024\/02\/2.png\" alt=\"\" data-image-width=\"879\" data-image-height=\"1032\">\n                  <img decoding=\"async\" class=\"u-image u-image-round u-radius u-image-2\" src=\"https:\/\/gesundheitspraxis-kyburz.ch\/wp-content\/uploads\/2024\/02\/Massage.jpg\" alt=\"\" data-image-width=\"300\" data-image-height=\"300\">\n                <\/div>\n              <\/div>\n            <\/div>\n          <\/div>\n        <\/div>\n      <\/div>\n    <\/section>\n    <section class=\"u-clearfix u-image u-section-5\" id=\"sec-ccbd\" data-image-width=\"1534\" data-image-height=\"1080\" style=\"background-image: url(&quot;https:\/\/gesundheitspraxis-kyburz.ch\/wp-content\/uploads\/2024\/02\/4d272b1a-2f81-2e72-2f2c-5a96e6c1c856.png&quot;);\">\n      <div class=\"u-clearfix u-sheet u-valign-middle-xl u-sheet-1\">\n        <div class=\"data-layout-selected u-clearfix u-expanded-width u-layout-wrap u-layout-wrap-1\">\n          <div class=\"u-layout\">\n            <div class=\"u-layout-row\">\n              <div class=\"u-align-center u-container-align-center u-container-style u-layout-cell u-size-30 u-layout-cell-1\">\n                <div class=\"u-container-layout u-valign-top-sm u-valign-top-xs u-container-layout-1\">\n                  <img decoding=\"async\" class=\"u-image u-image-contain u-image-default u-image-1\" src=\"https:\/\/gesundheitspraxis-kyburz.ch\/wp-content\/uploads\/2024\/02\/1.png\" alt=\"\" data-image-width=\"600\" data-image-height=\"782\">\n                  <img decoding=\"async\" class=\"u-image u-image-round u-radius u-image-2\" src=\"https:\/\/gesundheitspraxis-kyburz.ch\/wp-content\/uploads\/2024\/03\/Wasser.jpg\" alt=\"\" data-image-width=\"400\" data-image-height=\"400\">\n                <\/div>\n              <\/div>\n              <div class=\"u-align-center-sm u-align-center-xs u-align-left-lg u-align-left-md u-align-left-xl u-container-style u-layout-cell u-size-30 u-layout-cell-2\">\n                <div class=\"u-container-layout u-valign-bottom-sm u-valign-bottom-xs u-valign-middle-lg u-container-layout-2\">\n                  <h6 class=\"u-text u-text-1\">wasser ist leben<\/h6>\n                  <h3 class=\"u-text u-text-2\">ECAIA \u2013 Gesundes Wasser<\/h3>\n                  <p class=\"u-text u-text-3\">G\u00f6nnen Sie sich ein Glas energetisiertes, basisches Wasser, um die Ausleitung von Schadstoffen und die Regeneration in Ihrem K\u00f6rper zu unterst\u00fctzen.<\/p>\n                  <a href=\"https:\/\/gesundheitspraxis-kyburz.ch\/index.php\/wasser\/\" class=\"u-active-custom-color-7 u-border-none u-btn u-btn-round u-button-style u-custom-color-7 u-hover-custom-color-7 u-radius u-text-palette-1-dark-2 u-btn-1\">mehr erfahren <\/a>\n                <\/div>\n              <\/div>\n            <\/div>\n          <\/div>\n        <\/div>\n      <\/div>\n    <\/section>\n    <section class=\"u-align-center u-clearfix u-container-align-center u-palette-1-base u-section-6\" id=\"termin\">\n      <div class=\"u-clearfix u-sheet u-valign-middle-xs u-sheet-1\">\n        <h3 class=\"u-text u-text-default u-text-1\"> Buchen Sie Ihren Termin<\/h3>\n        <div class=\"u-align-left u-container-align-left u-container-style u-expanded-width-sm u-expanded-width-xs u-group u-radius-20 u-shape-round u-white u-group-1\">\n          <div class=\"u-container-layout u-valign-middle u-container-layout-1\">\n            <div class=\"custom-expanded u-form u-form-1\">\n              <form action=\"https:\/\/service.nicepagesrv.com\/form\/v4\/form-process\" class=\"u-clearfix u-form-spacing-10 u-form-vertical u-inner-form\" source=\"email\" name=\"form\" style=\"padding: 10px;\">\n                <div class=\"u-form-group u-form-name u-label-none\">\n                  <label for=\"name-61fc\" class=\"u-label\">Name<\/label>\n                  <input type=\"text\" placeholder=\"Ihr Name\" id=\"name-61fc\" name=\"name\" class=\"u-border-2 u-border-grey-10 u-grey-10 u-input u-input-rectangle u-radius-20\" required=\"\">\n                <\/div>\n                <div class=\"u-form-group u-form-phone u-label-none u-form-group-2\">\n                  <label for=\"phone-0bf6\" class=\"u-label\">Phone<\/label>\n                  <input type=\"tel\" pattern=\"\\+?\\d{0,3}[\\s\\(\\-]?([0-9]{2,3})[\\s\\)\\-]?([\\s\\-]?)([0-9]{3})[\\s\\-]?([0-9]{2})[\\s\\-]?([0-9]{2})\" placeholder=\"Ihre Telefonnummer\" id=\"phone-0bf6\" name=\"phone\" class=\"u-border-2 u-border-grey-10 u-grey-10 u-input u-input-rectangle u-radius-20\" required=\"\">\n                <\/div>\n                <div class=\"u-form-email u-form-group u-label-none u-form-group-3\">\n                  <label for=\"email-2536\" class=\"u-label\">E-Mail<\/label>\n                  <input type=\"email\" placeholder=\"Ihre E-Mail Adresse\" id=\"email-2536\" name=\"email\" class=\"u-border-2 u-border-grey-10 u-grey-10 u-input u-input-rectangle u-radius u-input-3\">\n                <\/div>\n                <div class=\"u-form-group u-form-message u-label-none\">\n                  <label for=\"message-61fc\" class=\"u-label\">Message<\/label>\n                  <textarea placeholder=\"Mitteilung\" rows=\"4\" cols=\"50\" id=\"message-61fc\" name=\"message\" class=\"u-border-2 u-border-grey-10 u-grey-10 u-input u-input-rectangle u-radius-20\" required=\"required\"><\/textarea>\n                <\/div>\n                <div class=\"u-align-left u-form-group u-form-submit u-label-none\">\n                  <a href=\"#\" class=\"u-active-palette-1-base u-border-none u-btn u-btn-round u-btn-submit u-button-style u-custom-font u-font-roboto u-hover-palette-1-base u-palette-1-base u-radius-20 u-btn-1\">senden<\/a>\n                  <input type=\"submit\" value=\"submit\" class=\"u-form-control-hidden\">\n                <\/div>\n                <div class=\"u-form-send-message u-form-send-success\">Danke sch\u00f6n! Ihre Nachricht wurde gesendet.<\/div>\n                <div class=\"u-form-send-error u-form-send-message\">Ihre Nachricht konnte nicht gesendet werden. Bitte beheben Sie die Fehler und versuchen Sie es erneut.<\/div>\n                <input type=\"hidden\" value=\"\" name=\"recaptchaResponse\">\n                <input type=\"hidden\" name=\"formServices\" value=\"0c758d2f-df74-7f28-c220-047ec4875053\">\n                <input type=\"hidden\" name=\"siteKey\" value=\"6Lcm16spAAAAAKpel8QYoHKjKU-pnLpTEt2ARx0t\">\n              <\/form>\n            <\/div>\n          <\/div>\n        <\/div>\n        <div class=\"u-align-left u-container-align-left u-container-style u-custom-color-6 u-expanded-width-xs u-group u-radius u-shape-round u-group-2\">\n          <div class=\"u-container-layout u-container-layout-2\">\n            <div class=\"fr-view u-clearfix u-rich-text u-text u-text-2\">\n              <h6><span class=\"u-text-palette-1-dark-2\">\u00d6ffnungszeiten<\/span>\n              <\/h6>\n              <p><span class=\"u-text-palette-1-dark-2\">Di \/ Mi \/ Fr: 8\u201312 + 13\u201318.30 Uhr<br style=\"box-sizing: border-box; color: rgb(34, 34, 34); font-family: &quot;Times New Roman&quot;, Georgia, serif; font-size: 15px; font-style: normal; font-variant-ligatures: normal; font-variant-caps: normal; font-weight: 400; letter-spacing: normal; orphans: 2; text-align: left; text-indent: 0px; text-transform: none; white-space: normal; widows: 2; word-spacing: 0px; -webkit-text-stroke-width: 0px; background-color: rgb(248, 248, 248); text-decoration-thickness: initial; text-decoration-style: initial; text-decoration-color: initial;\" id=\"isPasted\">Sa 8\u201312 Uhr<br style=\"box-sizing: border-box; color: rgb(34, 34, 34); font-family: &quot;Times New Roman&quot;, Georgia, serif; font-size: 15px; font-style: normal; font-variant-ligatures: normal; font-variant-caps: normal; font-weight: 400; letter-spacing: normal; orphans: 2; text-align: left; text-indent: 0px; text-transform: none; white-space: normal; widows: 2; word-spacing: 0px; -webkit-text-stroke-width: 0px; background-color: rgb(248, 248, 248); text-decoration-thickness: initial; text-decoration-style: initial; text-decoration-color: initial;\">Mo + Do geschlossen<\/span>\n              <\/p>\n            <\/div>\n          <\/div>\n        <\/div>\n        <div class=\"u-align-left u-container-align-left u-container-style u-custom-color-6 u-expanded-width-xs u-group u-radius u-shape-round u-group-3\">\n          <div class=\"u-container-layout u-valign-middle-xs u-container-layout-3\">\n            <div class=\"fr-view u-clearfix u-rich-text u-text u-text-3\">\n              <h6><span class=\"u-text-palette-1-dark-2\">Terminanfrage<\/span>\n              <\/h6>\n              <p><span class=\"u-text-palette-1-dark-2\">Tel.:&nbsp; 033 356 32 10<br style=\"box-sizing: border-box; color: rgb(34, 34, 34); font-family: &quot;Times New Roman&quot;, Georgia, serif; font-size: 16px; font-style: normal; font-variant-ligatures: normal; font-variant-caps: normal; font-weight: 400; letter-spacing: normal; orphans: 2; text-align: start; text-indent: 0px; text-transform: none; white-space: normal; widows: 2; word-spacing: 0px; -webkit-text-stroke-width: 0px; background-color: rgb(255, 255, 255); text-decoration-thickness: initial; text-decoration-style: initial; text-decoration-color: initial;\" id=\"isPasted\">Fax:&nbsp; 033 356 02 52<br style=\"box-sizing: border-box; color: rgb(34, 34, 34); font-family: &quot;Times New Roman&quot;, Georgia, serif; font-size: 16px; font-style: normal; font-variant-ligatures: normal; font-variant-caps: normal; font-weight: 400; letter-spacing: normal; orphans: 2; text-align: start; text-indent: 0px; text-transform: none; white-space: normal; widows: 2; word-spacing: 0px; -webkit-text-stroke-width: 0px; background-color: rgb(255, 255, 255); text-decoration-thickness: initial; text-decoration-style: initial; text-decoration-color: initial;\">E-Mail:&nbsp;<\/span>\n                <a href=\"mailto:kontakt@naturheilpraxis-kyburz.ch\"><\/a><span class=\"u-text-palette-1-dark-2\">\n                  <a class=\"u-btn u-button-link u-button-style u-custom-font u-btn-2\" href=\"mailto:kontakt@gesundheitspraxis-kyburz.ch\"><span style=\"text-decoration: underline;\">kontakt@gesundheitspraxis-kyburz.ch<\/span>\n                  <\/a><\/span>\n              <\/p>\n            <\/div>\n          <\/div>\n        <\/div>\n        <div class=\"u-align-left u-container-align-left u-container-style u-custom-color-6 u-expanded-width-xs u-group u-radius u-shape-round u-group-4\">\n          <div class=\"u-container-layout u-container-layout-4\">\n            <div class=\"fr-view u-clearfix u-rich-text u-text u-text-4\">\n              <h6><span class=\"u-text-palette-1-dark-2\">Terminabsagen<\/span>\n              <\/h6>\n              <p><span class=\"u-text-palette-1-dark-2\">Bei kurzfristig abgesagten oder vergessenen Terminen sehen wir uns gezwungen, Ihnen 50% der gebuchten Leistung in Rechnung zu stellen. Besten Dank f\u00fcr Ihr Verst\u00e4ndnis.<\/span>\n              <\/p>\n            <\/div>\n          <\/div>\n        <\/div>\n        <div class=\"custom-expanded u-align-left u-container-align-left u-container-style u-custom-color-6 u-group u-radius u-shape-round u-group-5\">\n          <div class=\"u-container-layout u-container-layout-5\">\n            <div class=\"fr-view u-clearfix u-rich-text u-text u-text-5\">\n              <h6><span class=\"u-text-palette-1-dark-2\">Krankenkasse \/ Zusatzversicherung<\/span>\n              <\/h6>\n              <p><span class=\"u-text-palette-1-dark-2\">Erkundigen Sie sich bitte bei Ihrer Krankenkasse, ob deren Zusatzversicherung die Kosten Ihrer Behandlungen \u00fcbernimmt.<\/span>\n              <\/p>\n            <\/div>\n          <\/div>\n        <\/div>\n        <div class=\"u-align-left u-container-align-left u-container-style u-custom-color-6 u-expanded-width-xs u-group u-radius u-shape-round u-group-6\">\n          <div class=\"u-container-layout u-container-layout-6\">\n            <div class=\"fr-view u-clearfix u-rich-text u-text u-text-6\">\n              <h6><span class=\"u-text-palette-1-dark-2\">Adresse<\/span>\n              <\/h6>\n              <p><span class=\"u-text-palette-1-dark-2\">Gesundheitspraxis Kyburz GmbH<\/span>\n                <br><span class=\"u-text-palette-1-dark-2\">Ursula Kyburz<br>H\u00f6lzliweg 5<br>3665 Wattenwil<\/span>\n              <\/p>\n            <\/div>\n          <\/div>\n        <\/div>\n        <div class=\"u-align-left u-container-align-left u-container-style u-custom-color-6 u-expanded-width-xs u-group u-radius u-shape-round u-group-7\">\n          <div class=\"u-container-layout u-valign-top u-container-layout-7\">\n            <div class=\"fr-view u-clearfix u-rich-text u-text u-text-7\">\n              <h6 id=\"isPasted\"><span class=\"u-text-palette-1-dark-2\">Anfahrt<\/span>\n              <\/h6>\n              <ul>\n                <li>\n                  <a href=\"https:\/\/www.stibus.ch\/fahrplaene\/fahrplan2024\/linie-51.php\" target=\"_blank\" class=\"u-btn u-button-link u-button-style u-custom-font u-btn-3\"><\/a>Zugverbindung BLS Thun-Seftigen<a class=\"u-btn u-button-link u-button-style u-custom-font u-btn-4\" href=\"https:\/\/www.stibus.ch\/fahrplaene\/fahrplan2024\/linie-51.php\" rel=\"noopener noreferrer\" target=\"_blank\"><\/a>\n                <\/li>\n                <li>\n                  <a class=\"u-btn u-button-link u-button-style u-custom-font u-btn-4\" href=\"https:\/\/www.stibus.ch\/fahrplaene\/fahrplan2024\/linie-51.php\" rel=\"noopener noreferrer\" target=\"_blank\">STI Linie 51<\/a> Thun\u2013Wattenwil\u2013Blumenstein\n                <\/li>\n                <li>\n                  <a href=\"https:\/\/www.stibus.ch\/fahrplaene\/fahrplan2024\/linie-53.php\" target=\"_blank\" class=\"u-btn u-button-link u-button-style u-custom-font u-btn-6\"><\/a><span class=\"u-text-palette-1-dark-2\">\n                    <a class=\"u-btn u-button-link u-button-style u-custom-font u-btn-7\" href=\"https:\/\/www.stibus.ch\/fahrplaene\/fahrplan2024\/linie-53.php\" rel=\"noopener noreferrer\" target=\"_blank\">STI Linie 53<\/a><\/span><span class=\"u-text-palette-1-dark-2\">&nbsp;Blumenstein\u2013Seftigen Bahnhof<\/span>\n                <\/li>\n                <li><span class=\"u-text-palette-1-dark-2\">Bei der Haltestelle \u00abMettlen\u00bb aussteigen<\/span>\n                <\/li>\n              <\/ul>\n              <p><span class=\"u-text-palette-1-dark-2\">Die Praxis befindet sich 30 Meter davon entfernt im H\u00f6lzliweg 5.<\/span>\n              <\/p>\n              <p><span class=\"u-text-palette-1-dark-2\">F\u00fcr Automobilisten gibt es Parkpl\u00e4tze direkt vor der Praxis.<\/span>\n              <\/p>\n            <\/div>\n          <\/div>\n        <\/div>\n        <div class=\"u-align-left u-container-align-left u-container-style u-custom-color-6 u-expanded-width-xs u-group u-radius u-shape-round u-group-8\">\n          <div class=\"u-container-layout u-container-layout-8\">\n            <div class=\"fr-view u-clearfix u-rich-text u-text u-text-8\">\n              <h6><span class=\"u-text-palette-1-dark-2\">Mitgliedschaften<\/span>\n              <\/h6>\n            <\/div>\n            <img decoding=\"async\" class=\"u-image u-image-contain u-image-default u-image-1\" src=\"https:\/\/gesundheitspraxis-kyburz.ch\/wp-content\/uploads\/2024\/04\/Logo-EMR.svg\" alt=\"\" data-image-width=\"430\" data-image-height=\"240\" data-href=\"https:\/\/www.emr.ch\/therapeut\/ursula.kyburz\" data-target=\"_blank\">\n            <img decoding=\"async\" class=\"u-image u-image-contain u-image-default u-image-2\" src=\"https:\/\/gesundheitspraxis-kyburz.ch\/wp-content\/uploads\/2024\/04\/Logo-Sebim.png\" alt=\"\" data-image-width=\"193\" data-image-height=\"103\" data-href=\"https:\/\/sebim.ch\/therapeutenliste\/name\/ursula-kyburz\/\" data-target=\"_blank\">\n          <\/div>\n        <\/div>\n      <\/div>\n    <\/section>\n    <section class=\"u-clearfix u-section-7\" id=\"sec-4650\">\n      <div class=\"u-absolute-hcenter u-expanded u-grey-light-2 u-map\">\n        <div class=\"embed-responsive\">\n          <iframe class=\"embed-responsive-item\" src=\"https:\/\/maps.google.com\/maps?output=embed&amp;q=Kyburz%20H%C3%B6lzliweg%205%203665%20Wattenwil&amp;z=16&amp;t=m\" data-map=\"JTdCJTIyYWRkcmVzcyUyMiUzQSUyMkt5YnVyeiUyMEglQzMlQjZsemxpd2VnJTIwNSUyMDM2NjUlMjBXYXR0ZW53aWwlMjIlMkMlMjJ6b29tJTIyJTNBMTYlMkMlMjJ0eXBlSWQlMjIlM0ElMjJyb2FkJTIyJTJDJTIybGFuZyUyMiUzQW51bGwlMkMlMjJhcGlLZXklMjIlM0FudWxsJTJDJTIybWFya2VycyUyMiUzQSU1QiU1RCU3RA==\"><\/iframe>\n        <\/div>\n      <\/div>\n    <\/section>\n    \n    \n    \n    \n    \n    \n    \n    \n    \n  \n<\/div>","protected":false},"excerpt":{"rendered":"<p>Sich etwas Gutes tun \u00abIch begr\u00fcsse Sie ganz herzlich in unserer Gesundheitspraxis. Dank meiner 40-j\u00e4hrigen Berufserfahrung bin ich zuversichtlich,dass ich auch Sie in Ihrem Wohlbefinden unterst\u00fctzen kann.Ich freue mich darauf, Sie pers\u00f6nlich kennenzulernen.\u00bbUrsula Kyburz jetzt Termin buchen die welt ist schwingung Bioresonanztherapie Die Bioresonanztherapie ist eine sanfte, nebenwirkungsfreie, computergesteuerte Schwingungstherapie, die die Selbstheilungskr\u00e4fte des K\u00f6rpers [&hellip;]<\/p>\n","protected":false},"author":1,"featured_media":0,"parent":0,"menu_order":0,"comment_status":"closed","ping_status":"closed","template":"","meta":{"iawp_total_views":4459,"footnotes":""},"class_list":["post-7","page","type-page","status-publish","hentry"],"_links":{"self":[{"href":"https:\/\/gesundheitspraxis-kyburz.ch\/index.php\/wp-json\/wp\/v2\/pages\/7","targetHints":{"allow":["GET"]}}],"collection":[{"href":"https:\/\/gesundheitspraxis-kyburz.ch\/index.php\/wp-json\/wp\/v2\/pages"}],"about":[{"href":"https:\/\/gesundheitspraxis-kyburz.ch\/index.php\/wp-json\/wp\/v2\/types\/page"}],"author":[{"embeddable":true,"href":"https:\/\/gesundheitspraxis-kyburz.ch\/index.php\/wp-json\/wp\/v2\/users\/1"}],"replies":[{"embeddable":true,"href":"https:\/\/gesundheitspraxis-kyburz.ch\/index.php\/wp-json\/wp\/v2\/comments?post=7"}],"version-history":[{"count":62,"href":"https:\/\/gesundheitspraxis-kyburz.ch\/index.php\/wp-json\/wp\/v2\/pages\/7\/revisions"}],"predecessor-version":[{"id":641,"href":"https:\/\/gesundheitspraxis-kyburz.ch\/index.php\/wp-json\/wp\/v2\/pages\/7\/revisions\/641"}],"wp:attachment":[{"href":"https:\/\/gesundheitspraxis-kyburz.ch\/index.php\/wp-json\/wp\/v2\/media?parent=7"}],"curies":[{"name":"wp","href":"https:\/\/api.w.org\/{rel}","templated":true}]}}